{"id":8414,"date":"2023-08-04T07:27:03","date_gmt":"2023-08-04T07:27:03","guid":{"rendered":"https:\/\/demoapus1.com\/freeio-new\/?page_id=8414"},"modified":"2024-10-17T10:22:16","modified_gmt":"2024-10-17T10:22:16","slug":"mission","status":"publish","type":"page","link":"https:\/\/www.idbrick.com\/en\/mission\/","title":{"rendered":"Mission"},"content":{"rendered":"<div class=\"projects-listing-wrapper main-items-wrapper\" data-display_mode=\"list\">\n\t<div class=\"wrapper-fillter\"><div class=\"apus-listing-filter d-sm-flex align-items-center\"><div class=\"results-count\">\n\tShowing all 2 results<\/div><div class=\"projects-alert-ordering-wrapper\">\n<div class=\"projects-ordering-wrapper\">\n\t<form class=\"projects-ordering jobs-ordering\" method=\"get\" action=\"https:\/\/www.idbrick.com\/en\/mission\/\" data-trp-original-action=\"https:\/\/www.idbrick.com\/en\/mission\/\">\n\t\t<select name=\"filter-orderby\" class=\"orderby\" data-placeholder=\"Sort by\">\n\t\t\t\t\t\t\t<option value=\"menu_order\"  selected='selected'>Sort by (Default)<\/option>\n\t\t\t\t\t\t\t<option value=\"newest\" >Newest<\/option>\n\t\t\t\t\t\t\t<option value=\"oldest\" >Oldest<\/option>\n\t\t\t\t\t\t\t<option value=\"random\" >Random<\/option>\n\t\t\t\t\t<\/select>\n\t\t<input type=\"hidden\" name=\"paged\" value=\"1\" \/>\n\t\t<input type=\"hidden\" name=\"glang\" value=\"en\" \/><input type=\"hidden\" name=\"gurl\" value=\"wp-json\/wp\/v2\/pages\/8414\" \/>\t<input type=\"hidden\" name=\"trp-form-language\" value=\"en\"\/><\/form>\n<\/div>\n<\/div>\n<\/div><\/div>\n\t\t\t\t\t\n\t\t<div class=\"projects-wrapper items-wrapper\">\n\n\t\t\t\t\t\t\t<div class=\"row\">\n\t\t\t\t\t\t\t\t\t\t\t<div class=\"col-12\">\n\t\t\t\t\t\t\t<article id=\"post-11261\" class=\"map-item post-11261 project type-project status-publish has-post-thumbnail hentry project_category-artist project_duration-i-dont-now project_experience-confirmed project_freelancer_type-fixed project_language-french\" data-latitude=\"\" data-longitude=\"\" data-img=\"https:\/\/www.idbrick.com\/wp-content\/uploads\/wp-freeio-uploads\/_project_featured_image\/2025\/03\/Capture-decran-2025-03-21-a-13.47.21-150x150.png\">\r\n    <div class=\"project-item project-list position-relative\">\r\n        <div class=\"d-md-flex\">\r\n            \t\t<a href=\"javascript:void(0)\" class=\"btn-add-project-favorite\" data-project_id=\"11261\" data-nonce=\"6a81f41198\"\n\t\t\t                data-bs-toggle=\"tooltip\"\n                title=\"Add Favorite\"\n            >\n\t\t\t\t\t\t\t<i class=\"flaticon-like\"><\/i>\n\t\t\t\t\t\t\t\t\t\t<span>Save<\/span>\n\t\t\t\t\t<\/a>\n\t\t            <div class=\"flex-shrink-0 logo position-relative\">\r\n                            <a href=\"https:\/\/www.idbrick.com\/en\/user\/mathieu\/\">\r\n            \t    <div class=\"employer-logo\">\r\n    \t\t        \t\t            \t<img decoding=\"async\" src=\"https:\/\/www.idbrick.com\/wp-content\/themes\/freeio\/images\/placeholder.png\" alt=\"Mathieu\">\r\n\t                    \r\n            <\/div>\r\n                <\/a>\r\n\t                <\/div>\r\n            <div class=\"information-right d-lg-flex\">\r\n                <div class=\"inner-middle\">\r\n                    <div class=\"d-flex\">\r\n                        <h2 class=\"project-title\"><a href=\"https:\/\/www.idbrick.com\/en\/project\/mathieu-artist-portrait-de-ma-femme-en-pixel\/\" rel=\"bookmark\">Portrait de ma femme en pixel<\/a><\/h2>                        <span class=\"flex-shrink-0\">\r\n                                                    <\/span>\r\n                    <\/div>\r\n                    <div class=\"project-metas d-flex align-items-center flex-wrap\">\r\n                                                <div class=\"project-deadline with-icon\"><i class=\"flaticon-30-days\"><\/i> Posted 1 year ago<\/div>                        <div class=\"project-proposals-count with-icon\"><i class=\"flaticon-rocket-1\"><\/i> 0 Proposals<\/div>                    <\/div>\r\n                    <div class=\"project-excerpt d-none d-sm-block\">Je recherche pour l'anniversaire de mon \u00e9pouse un cr\u00e9ateur capable de r\u00e9aliser un portrait ...<\/div>                                    <\/div>\r\n                <div class=\"inner-right d-flex justify-content-center flex-column\">\r\n                    <div class=\"project-price\"><span class=\"woocommerce-Price-amount amount\"><bdi><span class=\"woocommerce-Price-currencySymbol\">&#36;<\/span><span class=\"price-text\">500.00<\/span><\/bdi><\/span><span class=\"surfix\"> Fixed<\/span><\/div>                    <a href=\"https:\/\/www.idbrick.com\/en\/project\/mathieu-artist-portrait-de-ma-femme-en-pixel\/#project-proposal-form-wrapper\" class=\"btn btn-theme-rgba10 w-100 radius-sm\">Send Proposal <i class=\"flaticon-right-up next\"><\/i><\/a>\r\n                <\/div>\r\n            <\/div>\r\n        <\/div>\r\n    <\/div>\r\n<\/article><!-- #post-## -->\r\n\t\t\t\t\t\t<\/div>\n\t\t\t\t\t\t\t\t\t\t\t<div class=\"col-12\">\n\t\t\t\t\t\t\t<article id=\"post-11259\" class=\"map-item post-11259 project type-project status-publish has-post-thumbnail hentry location-france project_category-artist project_skill-confirmed project_duration-1-week project_experience-confirmed project_freelancer_type-fixed project_language-french project_level-basic\" data-latitude=\"\" data-longitude=\"\" data-img=\"https:\/\/www.idbrick.com\/wp-content\/uploads\/wp-freeio-uploads\/_project_featured_image\/2025\/03\/Capture-decran-2025-03-21-a-13.43.52-150x150.png\">\r\n    <div class=\"project-item project-list position-relative\">\r\n        <div class=\"d-md-flex\">\r\n            \t\t<a href=\"javascript:void(0)\" class=\"btn-add-project-favorite\" data-project_id=\"11259\" data-nonce=\"6a81f41198\"\n\t\t\t                data-bs-toggle=\"tooltip\"\n                title=\"Add Favorite\"\n            >\n\t\t\t\t\t\t\t<i class=\"flaticon-like\"><\/i>\n\t\t\t\t\t\t\t\t\t\t<span>Save<\/span>\n\t\t\t\t\t<\/a>\n\t\t            <div class=\"flex-shrink-0 logo position-relative\">\r\n                            <a href=\"https:\/\/www.idbrick.com\/en\/user\/mathieu\/\">\r\n            \t    <div class=\"employer-logo\">\r\n    \t\t        \t\t            \t<img decoding=\"async\" src=\"https:\/\/www.idbrick.com\/wp-content\/themes\/freeio\/images\/placeholder.png\" alt=\"Mathieu\">\r\n\t                    \r\n            <\/div>\r\n                <\/a>\r\n\t                <\/div>\r\n            <div class=\"information-right d-lg-flex\">\r\n                <div class=\"inner-middle\">\r\n                    <div class=\"d-flex\">\r\n                        <h2 class=\"project-title\"><a href=\"https:\/\/www.idbrick.com\/en\/project\/mathieu-artist-recherche-constructeur-dimmeuble-historique\/\" rel=\"bookmark\">Recherche constructeur d&#8217;immeuble historique<\/a><\/h2>                        <span class=\"flex-shrink-0\">\r\n                                                    <\/span>\r\n                    <\/div>\r\n                    <div class=\"project-metas d-flex align-items-center flex-wrap\">\r\n                        <div class=\"project-location\">\r\n\t\t\t\t        <i class=\"flaticon-place\"><\/i>                            France                    <\/div>                        <div class=\"project-deadline with-icon\"><i class=\"flaticon-30-days\"><\/i> Posted 1 year ago<\/div>                        <div class=\"project-proposals-count with-icon\"><i class=\"flaticon-rocket-1\"><\/i> 0 Proposals<\/div>                    <\/div>\r\n                    <div class=\"project-excerpt d-none d-sm-block\">Nous sommes \u00e0 la recherche pour un client, d'un Brick Master capable de recr\u00e9er ...<\/div>                    <div class=\"project-skills project-tags\">\r\n\t\t\t\t\t\t            \t<a class=\"skill-project tag-project\" href=\"https:\/\/www.idbrick.com\/en\/project-skill\/confirmed\/\">Confirmed<\/a>\r\n\t\t        \t\r\n\t    \t\r\n\t    \t<\/div>                <\/div>\r\n                <div class=\"inner-right d-flex justify-content-center flex-column\">\r\n                    <div class=\"project-price\"><span class=\"woocommerce-Price-amount amount\"><bdi><span class=\"woocommerce-Price-currencySymbol\">&#36;<\/span><span class=\"price-text\">1,200.00<\/span><\/bdi><\/span> - <span class=\"woocommerce-Price-amount amount\"><bdi><span class=\"woocommerce-Price-currencySymbol\">&#36;<\/span><span class=\"price-text\">1,500.00<\/span><\/bdi><\/span><span class=\"surfix\"> Fixed<\/span><\/div>                    <a href=\"https:\/\/www.idbrick.com\/en\/project\/mathieu-artist-recherche-constructeur-dimmeuble-historique\/#project-proposal-form-wrapper\" class=\"btn btn-theme-rgba10 w-100 radius-sm\">Send Proposal <i class=\"flaticon-right-up next\"><\/i><\/a>\r\n                <\/div>\r\n            <\/div>\r\n        <\/div>\r\n    <\/div>\r\n<\/article><!-- #post-## -->\r\n\t\t\t\t\t\t<\/div>\n\t\t\t\t\t\t\t\t\t<\/div>\n\t\t\t\n\t\t<\/div>\n\n\t\t\n\t\n\t<\/div><div class=\"projects-pagination-wrapper main-pagination-wrapper\">\n\t<\/div>","protected":false},"excerpt":{"rendered":"","protected":false},"author":54,"featured_media":0,"parent":0,"menu_order":0,"comment_status":"closed","ping_status":"closed","template":"page-projects.php","meta":{"om_disable_all_campaigns":false,"inline_featured_image":false,"_monsterinsights_skip_tracking":false,"_monsterinsights_sitenote_active":false,"_monsterinsights_sitenote_note":"","_monsterinsights_sitenote_category":0,"_themeisle_gutenberg_block_has_review":false,"footnotes":""},"class_list":["post-8414","page","type-page","status-publish","hentry"],"aioseo_notices":[],"_links":{"self":[{"href":"https:\/\/www.idbrick.com\/en\/wp-json\/wp\/v2\/pages\/8414","targetHints":{"allow":["GET"]}}],"collection":[{"href":"https:\/\/www.idbrick.com\/en\/wp-json\/wp\/v2\/pages"}],"about":[{"href":"https:\/\/www.idbrick.com\/en\/wp-json\/wp\/v2\/types\/page"}],"author":[{"embeddable":true,"href":"https:\/\/www.idbrick.com\/en\/wp-json\/wp\/v2\/users\/54"}],"replies":[{"embeddable":true,"href":"https:\/\/www.idbrick.com\/en\/wp-json\/wp\/v2\/comments?post=8414"}],"version-history":[{"count":0,"href":"https:\/\/www.idbrick.com\/en\/wp-json\/wp\/v2\/pages\/8414\/revisions"}],"wp:attachment":[{"href":"https:\/\/www.idbrick.com\/en\/wp-json\/wp\/v2\/media?parent=8414"}],"curies":[{"name":"wp","href":"https:\/\/api.w.org\/{rel}","templated":true}]}}